{"id":110,"date":"2021-01-07T22:46:28","date_gmt":"2021-01-07T20:46:28","guid":{"rendered":"http:\/\/kktcgolffederasyonu.org\/?page_id=110"},"modified":"2024-05-11T17:37:30","modified_gmt":"2024-05-11T15:37:30","slug":"golf-kulubleri-ve-sahalari","status":"publish","type":"page","link":"https:\/\/kktcgolffederasyonu.org\/index.php\/golf-kulubleri-ve-sahalari\/","title":{"rendered":"Golf Kul\u00fcpleri ve Sahalar\u0131"},"content":{"rendered":"\n<div class=\"is-layout-flow wp-block-group\"><div class=\"wp-block-group__inner-container\">\n<div class=\"is-layout-flex wp-container-3 wp-block-columns has-nv-dark-bg-color has-text-color\">\n<div class=\"is-layout-flow wp-block-column\">\n<h3 class=\"has-nv-dark-bg-color has-nv-site-bg-background-color has-text-color has-background\"><strong>Federasyona Ba\u011fl\u0131 Kul\u00fcpler<\/strong><\/h3>\n\n\n\n<ul>\n<li><strong>Bostanc\u0131 Ba\u011fc\u0131l Golf Kul\u00fcb\u00fc<\/strong><\/li>\n\n\n\n<li><strong>CMC Golf Kul\u00fcb\u00fc<\/strong><\/li>\n\n\n\n<li><strong>\u00c7etinkaya Golf Kul\u00fcb\u00fc<\/strong><\/li>\n\n\n\n<li><strong>Gaziveren Golf Kul\u00fcb\u00fc<\/strong><\/li>\n\n\n\n<li><strong>Kasapo\u011flular\u0131 Golf Kul\u00fcb\u00fc<\/strong><\/li>\n<\/ul>\n\n\n\n<p><\/p>\n<\/div>\n\n\n\n<div class=\"is-layout-flow wp-block-column\">\n<h3 class=\"has-nv-site-bg-background-color has-background\"><strong>Kuzey K\u0131br\u0131s Golf Sahalar\u0131<\/strong><\/h3>\n\n\n\n<ul class=\"has-nv-dark-bg-color has-nv-site-bg-background-color has-text-color has-background\">\n<li><strong>CMC Golf Club<\/strong>\n<ul>\n<li><strong>Saha Adres: <\/strong>Ye\u015filyurt\/Lefke<\/li>\n\n\n\n<li><strong>Web Adresi: <\/strong><a href=\"http:\/\/www.cmcgolfclub.org\/\">www.cmcgolfclub.org<\/a><\/li>\n<\/ul>\n<\/li>\n\n\n\n<li><strong>Korineum Golf &amp; Country Club<\/strong>\n<ul>\n<li><strong>Saha Adres: <\/strong>Esentepe\/Girme<\/li>\n\n\n\n<li><strong>Web Adresi: <\/strong><a href=\"http:\/\/www.cmcgolfclub.org\/\"><\/a><a href=\"http:\/\/www.korineumgolf.com\/\">www.korineumgolf.com<\/a><\/li>\n<\/ul>\n<\/li>\n<\/ul>\n<\/div>\n<\/div>\n\n\n\n<figure class=\"is-layout-flex wp-block-gallery-4 wp-block-gallery has-nested-images columns-4 is-cropped\">\n<figure class=\"wp-block-image size-large\"><img decoding=\"async\" loading=\"lazy\" width=\"764\" height=\"1024\" src=\"http:\/\/kktcgolffederasyonu.org\/wp-content\/uploads\/2024\/05\/ekle-1-764x1024.jpeg\" alt=\"\" class=\"wp-image-906\" srcset=\"https:\/\/kktcgolffederasyonu.org\/wp-content\/uploads\/2024\/05\/ekle-1-764x1024.jpeg 764w, https:\/\/kktcgolffederasyonu.org\/wp-content\/uploads\/2024\/05\/ekle-1-224x300.jpeg 224w, https:\/\/kktcgolffederasyonu.org\/wp-content\/uploads\/2024\/05\/ekle-1-768x1029.jpeg 768w, https:\/\/kktcgolffederasyonu.org\/wp-content\/uploads\/2024\/05\/ekle-1-1146x1536.jpeg 1146w, https:\/\/kktcgolffederasyonu.org\/wp-content\/uploads\/2024\/05\/ekle-1.jpeg 1242w\" sizes=\"(max-width: 764px) 100vw, 764px\" \/><\/figure>\n\n\n\n<figure class=\"wp-block-image size-large\"><img decoding=\"async\" loading=\"lazy\" width=\"720\" height=\"960\" src=\"http:\/\/kktcgolffederasyonu.org\/wp-content\/uploads\/2021\/01\/74624121_1431781750315345_7995300140850085888_n.jpg\" alt=\"\" class=\"wp-image-225\" srcset=\"https:\/\/kktcgolffederasyonu.org\/wp-content\/uploads\/2021\/01\/74624121_1431781750315345_7995300140850085888_n.jpg 720w, https:\/\/kktcgolffederasyonu.org\/wp-content\/uploads\/2021\/01\/74624121_1431781750315345_7995300140850085888_n-225x300.jpg 225w\" sizes=\"(max-width: 720px) 100vw, 720px\" \/><\/figure>\n\n\n\n<figure class=\"wp-block-image size-large\"><img decoding=\"async\" loading=\"lazy\" width=\"877\" height=\"1024\" src=\"http:\/\/kktcgolffederasyonu.org\/wp-content\/uploads\/2024\/05\/ekle-2-877x1024.jpeg\" alt=\"\" class=\"wp-image-907\" srcset=\"https:\/\/kktcgolffederasyonu.org\/wp-content\/uploads\/2024\/05\/ekle-2-877x1024.jpeg 877w, https:\/\/kktcgolffederasyonu.org\/wp-content\/uploads\/2024\/05\/ekle-2-257x300.jpeg 257w, https:\/\/kktcgolffederasyonu.org\/wp-content\/uploads\/2024\/05\/ekle-2-768x897.jpeg 768w, https:\/\/kktcgolffederasyonu.org\/wp-content\/uploads\/2024\/05\/ekle-2.jpeg 1242w\" sizes=\"(max-width: 877px) 100vw, 877px\" \/><\/figure>\n\n\n\n<figure class=\"wp-block-image size-large\"><img decoding=\"async\" loading=\"lazy\" width=\"720\" height=\"960\" src=\"http:\/\/kktcgolffederasyonu.org\/wp-content\/uploads\/2021\/01\/53873347_1252000998293422_3870124983803969536_n.jpg\" alt=\"\" class=\"wp-image-219\" srcset=\"https:\/\/kktcgolffederasyonu.org\/wp-content\/uploads\/2021\/01\/53873347_1252000998293422_3870124983803969536_n.jpg 720w, https:\/\/kktcgolffederasyonu.org\/wp-content\/uploads\/2021\/01\/53873347_1252000998293422_3870124983803969536_n-225x300.jpg 225w\" sizes=\"(max-width: 720px) 100vw, 720px\" \/><\/figure>\n<\/figure>\n<\/div><\/div>\n\n\n\n<p><\/p>\n","protected":false},"excerpt":{"rendered":"<p>Federasyona Ba\u011fl\u0131 Kul\u00fcpler Kuzey K\u0131br\u0131s Golf Sahalar\u0131<\/p>\n","protected":false},"author":1,"featured_media":0,"parent":0,"menu_order":0,"comment_status":"closed","ping_status":"closed","template":"","meta":{"neve_meta_sidebar":"full-width","neve_meta_container":"","neve_meta_enable_content_width":"on","neve_meta_content_width":100,"neve_meta_title_alignment":"","neve_meta_author_avatar":"","neve_post_elements_order":"","neve_meta_disable_header":"","neve_meta_disable_footer":"","neve_meta_disable_title":"","_ti_tpc_template_sync":false,"_ti_tpc_template_id":""},"yoast_head":"<!-- This site is optimized with the Yoast SEO plugin v20.1 - https:\/\/yoast.com\/wordpress\/plugins\/seo\/ -->\n<title>Golf Kul\u00fcpleri ve Sahalar\u0131 - KKTC Golf Federasyonu<\/title>\n<meta name=\"robots\" content=\"index, follow, max-snippet:-1, max-image-preview:large, max-video-preview:-1\" \/>\n<link rel=\"canonical\" href=\"https:\/\/kktcgolffederasyonu.org\/index.php\/golf-kulubleri-ve-sahalari\/\" \/>\n<meta property=\"og:locale\" content=\"tr_TR\" \/>\n<meta property=\"og:type\" content=\"article\" \/>\n<meta property=\"og:title\" content=\"Golf Kul\u00fcpleri ve Sahalar\u0131 - KKTC Golf Federasyonu\" \/>\n<meta property=\"og:description\" content=\"Federasyona Ba\u011fl\u0131 Kul\u00fcpler Kuzey K\u0131br\u0131s Golf Sahalar\u0131\" \/>\n<meta property=\"og:url\" content=\"https:\/\/kktcgolffederasyonu.org\/index.php\/golf-kulubleri-ve-sahalari\/\" \/>\n<meta property=\"og:site_name\" content=\"KKTC Golf Federasyonu\" \/>\n<meta property=\"article:publisher\" content=\"https:\/\/www.facebook.com\/NorthCyprusGolf\/\" \/>\n<meta property=\"article:modified_time\" content=\"2024-05-11T15:37:30+00:00\" \/>\n<meta property=\"og:image\" content=\"http:\/\/kktcgolffederasyonu.org\/wp-content\/uploads\/2024\/05\/ekle-1-764x1024.jpeg\" \/>\n<meta name=\"twitter:card\" content=\"summary_large_image\" \/>\n<meta name=\"twitter:label1\" content=\"Tahmini okuma s\u00fcresi\" \/>\n\t<meta name=\"twitter:data1\" content=\"2 dakika\" \/>\n<script type=\"application\/ld+json\" class=\"yoast-schema-graph\">{\"@context\":\"https:\/\/schema.org\",\"@graph\":[{\"@type\":\"WebPage\",\"@id\":\"https:\/\/kktcgolffederasyonu.org\/index.php\/golf-kulubleri-ve-sahalari\/\",\"url\":\"https:\/\/kktcgolffederasyonu.org\/index.php\/golf-kulubleri-ve-sahalari\/\",\"name\":\"Golf Kul\u00fcpleri ve Sahalar\u0131 - KKTC Golf Federasyonu\",\"isPartOf\":{\"@id\":\"https:\/\/kktcgolffederasyonu.org\/#website\"},\"datePublished\":\"2021-01-07T20:46:28+00:00\",\"dateModified\":\"2024-05-11T15:37:30+00:00\",\"breadcrumb\":{\"@id\":\"https:\/\/kktcgolffederasyonu.org\/index.php\/golf-kulubleri-ve-sahalari\/#breadcrumb\"},\"inLanguage\":\"tr\",\"potentialAction\":[{\"@type\":\"ReadAction\",\"target\":[\"https:\/\/kktcgolffederasyonu.org\/index.php\/golf-kulubleri-ve-sahalari\/\"]}]},{\"@type\":\"BreadcrumbList\",\"@id\":\"https:\/\/kktcgolffederasyonu.org\/index.php\/golf-kulubleri-ve-sahalari\/#breadcrumb\",\"itemListElement\":[{\"@type\":\"ListItem\",\"position\":1,\"name\":\"Home\",\"item\":\"https:\/\/kktcgolffederasyonu.org\/\"},{\"@type\":\"ListItem\",\"position\":2,\"name\":\"Golf Kul\u00fcpleri ve Sahalar\u0131\"}]},{\"@type\":\"WebSite\",\"@id\":\"https:\/\/kktcgolffederasyonu.org\/#website\",\"url\":\"https:\/\/kktcgolffederasyonu.org\/\",\"name\":\"KKTC Golf Federasyonu\",\"description\":\"\",\"publisher\":{\"@id\":\"https:\/\/kktcgolffederasyonu.org\/#organization\"},\"potentialAction\":[{\"@type\":\"SearchAction\",\"target\":{\"@type\":\"EntryPoint\",\"urlTemplate\":\"https:\/\/kktcgolffederasyonu.org\/?s={search_term_string}\"},\"query-input\":\"required name=search_term_string\"}],\"inLanguage\":\"tr\"},{\"@type\":\"Organization\",\"@id\":\"https:\/\/kktcgolffederasyonu.org\/#organization\",\"name\":\"KKTC Golf Federasyonu\",\"url\":\"https:\/\/kktcgolffederasyonu.org\/\",\"logo\":{\"@type\":\"ImageObject\",\"inLanguage\":\"tr\",\"@id\":\"https:\/\/kktcgolffederasyonu.org\/#\/schema\/logo\/image\/\",\"url\":\"http:\/\/kktcgolffederasyonu.org\/wp-content\/uploads\/2021\/01\/KKTCGolfFed_Logo_Transparent.png\",\"contentUrl\":\"http:\/\/kktcgolffederasyonu.org\/wp-content\/uploads\/2021\/01\/KKTCGolfFed_Logo_Transparent.png\",\"width\":1180,\"height\":1052,\"caption\":\"KKTC Golf Federasyonu\"},\"image\":{\"@id\":\"https:\/\/kktcgolffederasyonu.org\/#\/schema\/logo\/image\/\"},\"sameAs\":[\"https:\/\/www.facebook.com\/NorthCyprusGolf\/\"]}]}<\/script>\n<!-- \/ Yoast SEO plugin. -->","yoast_head_json":{"title":"Golf Kul\u00fcpleri ve Sahalar\u0131 - KKTC Golf Federasyonu","robots":{"index":"index","follow":"follow","max-snippet":"max-snippet:-1","max-image-preview":"max-image-preview:large","max-video-preview":"max-video-preview:-1"},"canonical":"https:\/\/kktcgolffederasyonu.org\/index.php\/golf-kulubleri-ve-sahalari\/","og_locale":"tr_TR","og_type":"article","og_title":"Golf Kul\u00fcpleri ve Sahalar\u0131 - KKTC Golf Federasyonu","og_description":"Federasyona Ba\u011fl\u0131 Kul\u00fcpler Kuzey K\u0131br\u0131s Golf Sahalar\u0131","og_url":"https:\/\/kktcgolffederasyonu.org\/index.php\/golf-kulubleri-ve-sahalari\/","og_site_name":"KKTC Golf Federasyonu","article_publisher":"https:\/\/www.facebook.com\/NorthCyprusGolf\/","article_modified_time":"2024-05-11T15:37:30+00:00","og_image":[{"url":"http:\/\/kktcgolffederasyonu.org\/wp-content\/uploads\/2024\/05\/ekle-1-764x1024.jpeg"}],"twitter_card":"summary_large_image","twitter_misc":{"Tahmini okuma s\u00fcresi":"2 dakika"},"schema":{"@context":"https:\/\/schema.org","@graph":[{"@type":"WebPage","@id":"https:\/\/kktcgolffederasyonu.org\/index.php\/golf-kulubleri-ve-sahalari\/","url":"https:\/\/kktcgolffederasyonu.org\/index.php\/golf-kulubleri-ve-sahalari\/","name":"Golf Kul\u00fcpleri ve Sahalar\u0131 - KKTC Golf Federasyonu","isPartOf":{"@id":"https:\/\/kktcgolffederasyonu.org\/#website"},"datePublished":"2021-01-07T20:46:28+00:00","dateModified":"2024-05-11T15:37:30+00:00","breadcrumb":{"@id":"https:\/\/kktcgolffederasyonu.org\/index.php\/golf-kulubleri-ve-sahalari\/#breadcrumb"},"inLanguage":"tr","potentialAction":[{"@type":"ReadAction","target":["https:\/\/kktcgolffederasyonu.org\/index.php\/golf-kulubleri-ve-sahalari\/"]}]},{"@type":"BreadcrumbList","@id":"https:\/\/kktcgolffederasyonu.org\/index.php\/golf-kulubleri-ve-sahalari\/#breadcrumb","itemListElement":[{"@type":"ListItem","position":1,"name":"Home","item":"https:\/\/kktcgolffederasyonu.org\/"},{"@type":"ListItem","position":2,"name":"Golf Kul\u00fcpleri ve Sahalar\u0131"}]},{"@type":"WebSite","@id":"https:\/\/kktcgolffederasyonu.org\/#website","url":"https:\/\/kktcgolffederasyonu.org\/","name":"KKTC Golf Federasyonu","description":"","publisher":{"@id":"https:\/\/kktcgolffederasyonu.org\/#organization"},"potentialAction":[{"@type":"SearchAction","target":{"@type":"EntryPoint","urlTemplate":"https:\/\/kktcgolffederasyonu.org\/?s={search_term_string}"},"query-input":"required name=search_term_string"}],"inLanguage":"tr"},{"@type":"Organization","@id":"https:\/\/kktcgolffederasyonu.org\/#organization","name":"KKTC Golf Federasyonu","url":"https:\/\/kktcgolffederasyonu.org\/","logo":{"@type":"ImageObject","inLanguage":"tr","@id":"https:\/\/kktcgolffederasyonu.org\/#\/schema\/logo\/image\/","url":"http:\/\/kktcgolffederasyonu.org\/wp-content\/uploads\/2021\/01\/KKTCGolfFed_Logo_Transparent.png","contentUrl":"http:\/\/kktcgolffederasyonu.org\/wp-content\/uploads\/2021\/01\/KKTCGolfFed_Logo_Transparent.png","width":1180,"height":1052,"caption":"KKTC Golf Federasyonu"},"image":{"@id":"https:\/\/kktcgolffederasyonu.org\/#\/schema\/logo\/image\/"},"sameAs":["https:\/\/www.facebook.com\/NorthCyprusGolf\/"]}]}},"_links":{"self":[{"href":"https:\/\/kktcgolffederasyonu.org\/index.php\/wp-json\/wp\/v2\/pages\/110"}],"collection":[{"href":"https:\/\/kktcgolffederasyonu.org\/index.php\/wp-json\/wp\/v2\/pages"}],"about":[{"href":"https:\/\/kktcgolffederasyonu.org\/index.php\/wp-json\/wp\/v2\/types\/page"}],"author":[{"embeddable":true,"href":"https:\/\/kktcgolffederasyonu.org\/index.php\/wp-json\/wp\/v2\/users\/1"}],"replies":[{"embeddable":true,"href":"https:\/\/kktcgolffederasyonu.org\/index.php\/wp-json\/wp\/v2\/comments?post=110"}],"version-history":[{"count":16,"href":"https:\/\/kktcgolffederasyonu.org\/index.php\/wp-json\/wp\/v2\/pages\/110\/revisions"}],"predecessor-version":[{"id":915,"href":"https:\/\/kktcgolffederasyonu.org\/index.php\/wp-json\/wp\/v2\/pages\/110\/revisions\/915"}],"wp:attachment":[{"href":"https:\/\/kktcgolffederasyonu.org\/index.php\/wp-json\/wp\/v2\/media?parent=110"}],"curies":[{"name":"wp","href":"https:\/\/api.w.org\/{rel}","templated":true}]}}