{"id":9,"date":"2021-01-06T22:13:31","date_gmt":"2021-01-06T20:13:31","guid":{"rendered":"http:\/\/kktcgolffederasyonu.org\/?page_id=9"},"modified":"2024-05-11T17:35:24","modified_gmt":"2024-05-11T15:35:24","slug":"federasyon","status":"publish","type":"page","link":"https:\/\/kktcgolffederasyonu.org\/index.php\/federasyon\/","title":{"rendered":"Federasyon"},"content":{"rendered":"\n<div class=\"wp-block-cover alignfull\" style=\"min-height:600px\"><span aria-hidden=\"true\" class=\"wp-block-cover__background has-nv-light-bg-background-color has-background-dim-100 has-background-dim\"><\/span><div class=\"wp-block-cover__inner-container\">\n<div class=\"is-layout-flow wp-block-group\"><div class=\"wp-block-group__inner-container\">\n<div style=\"height:80px\" aria-hidden=\"true\" class=\"wp-block-spacer\"><\/div>\n\n\n\n<div class=\"is-layout-flex wp-container-3 wp-block-columns are-vertically-aligned-center\">\n<div class=\"is-layout-flow wp-block-column is-vertically-aligned-center\" style=\"flex-basis:50%\">\n<figure class=\"wp-block-image size-large is-resized\"><img decoding=\"async\" loading=\"lazy\" src=\"http:\/\/kktcgolffederasyonu.org\/wp-content\/uploads\/2021\/01\/yonetim-kurulu_796_456.png\" alt=\"\" class=\"wp-image-78\" width=\"564\" height=\"322\" srcset=\"https:\/\/kktcgolffederasyonu.org\/wp-content\/uploads\/2021\/01\/yonetim-kurulu_796_456.png 796w, https:\/\/kktcgolffederasyonu.org\/wp-content\/uploads\/2021\/01\/yonetim-kurulu_796_456-300x172.png 300w, https:\/\/kktcgolffederasyonu.org\/wp-content\/uploads\/2021\/01\/yonetim-kurulu_796_456-768x440.png 768w\" sizes=\"(max-width: 564px) 100vw, 564px\" \/><\/figure>\n<\/div>\n\n\n\n<div class=\"is-layout-flow wp-block-column is-vertically-aligned-center\" style=\"flex-basis:50%\">\n<h2 class=\"has-neve-text-color-color has-text-color\"><strong>Y\u00d6NET\u0130M<\/strong><\/h2>\n\n\n\n<p class=\"has-nv-dark-bg-color has-text-color\">KKTC Golf Federasyonu y\u00f6netimi federasyon ba\u015fkan\u0131, y\u00f6netim kurulu, ceza kurulu ve denetleme kurulundan olu\u015fmaktad\u0131r. <\/p>\n<\/div>\n<\/div>\n\n\n\n<h3 class=\"has-neve-text-color-color has-text-color\"><strong>Y\u00f6netim Kurulu:<\/strong><\/h3>\n\n\n\n<h5>\u00a0<\/h5>\n<p style=\"padding-left: 120px;\"><span style=\"color: #000000;\"><strong>Ba\u015fkan<\/strong>:\u00a0 \u00a0Ali Ratip Do\u011fruer<\/span><\/p>\n<ul>\n<li style=\"list-style-type: none;\">\n<ul>\n<li style=\"list-style-type: none;\">\n<ul>\n<li style=\"list-style-type: none;\">\n<ul>\n<li style=\"list-style-type: none;\">\n<ul>\n<li style=\"list-style-type: none;\">\n<ul>\n<li dir=\"auto\"><span style=\"color: #000000;\">Hasan \u00d6ztoprak \u2013 Asba\u015fkan<\/span><\/li>\n<li dir=\"auto\"><span style=\"color: #000000;\">Zafer Ta\u015fk\u0131n \u2013 Genel Sekreter<\/span><\/li>\n<li dir=\"auto\"><span style=\"color: #000000;\">Bertan Er\u00e7in \u2013 Mali Sekreter<\/span><\/li>\n<li dir=\"auto\"><span style=\"color: #000000;\">Hasan Kasapo\u011flular\u0131-Federasyon Kaptan\u0131<\/span><\/li>\n<li dir=\"auto\"><span style=\"color: #000000;\">Olgun Emirzade \u2013 Bas\u0131n ve Halkla \u0130li\u015fkiler<\/span><\/li>\n<li dir=\"auto\"><span style=\"color: #000000;\">Filiz Besim \u2013 \u00dcye<\/span><\/li>\n<li dir=\"auto\"><span style=\"color: #000000;\">\u00d6zcan Bundak \u2013 \u00dcye\u00a0<\/span><\/li>\n<li dir=\"auto\"><span style=\"color: #000000;\">Hasan Garabli \u2013 \u00dcye<\/span><\/li>\n<li dir=\"auto\"><span style=\"color: #000000;\">Dilek Talay \u2013 \u00dcye<\/span><\/li>\n<li dir=\"auto\"><span style=\"color: #000000;\">Ergin Terzio\u011flu \u2013 \u00dcye<\/span><\/li>\n<\/ul>\n<\/li>\n<\/ul>\n<\/li>\n<\/ul>\n<\/li>\n<\/ul>\n<\/li>\n<\/ul>\n<\/li>\n<\/ul>\n<p>\u00a0<\/p>\n<p style=\"padding-left: 120px;\"><span style=\"color: #000000;\"><strong>Ceza Kurulu:<\/strong><\/span><\/p>\n<ol>\n<li style=\"list-style-type: none;\">\n<ol>\n<li style=\"list-style-type: none;\">\n<ol>\n<li style=\"list-style-type: none;\">\n<ol>\n<li style=\"list-style-type: none;\">\n<ol>\n<li style=\"list-style-type: none;\">\n<ol>\n<li><span style=\"color: #000000;\">Naz\u0131m Yolda\u015flar<\/span><\/li>\n<li><span style=\"color: #000000;\">G\u00fclay Garabli<\/span><\/li>\n<li><span style=\"color: #000000;\">Steve Neufeld<\/span><\/li>\n<\/ol>\n<\/li>\n<\/ol>\n<\/li>\n<\/ol>\n<\/li>\n<\/ol>\n<\/li>\n<\/ol>\n<\/li>\n<\/ol>\n<h5>\u00a0<\/h5>\n<h5 style=\"padding-left: 120px;\"><span style=\"color: #000000;\">Denetleme Kurulu:<\/span><\/h5>\n<ol>\n<li style=\"list-style-type: none;\">\n<ol>\n<li style=\"list-style-type: none;\">\n<ol>\n<li style=\"list-style-type: none;\">\n<ol>\n<li style=\"list-style-type: none;\">\n<ol>\n<li style=\"list-style-type: none;\">\n<ol>\n<li><span style=\"color: #000000;\">Sezen Kasapo\u011flular\u0131<\/span><\/li>\n<li><span style=\"color: #000000;\">Akay \u00c7olak<\/span><\/li>\n<li><span style=\"color: #000000;\">Hasan \u0130lkay<\/span><\/li>\n<\/ol>\n<\/li>\n<\/ol>\n<\/li>\n<\/ol>\n<\/li>\n<\/ol>\n<\/li>\n<\/ol>\n<\/li>\n<\/ol>\n<p style=\"padding-left: 120px;\">\u00a0<\/p>\n<p style=\"padding-left: 120px;\">\u00a0<\/p>\n<\/div><\/div>\n<\/div><\/div>\n\n\n\n<div class=\"wp-block-cover alignfull\" style=\"min-height:600px\"><span aria-hidden=\"true\" class=\"wp-block-cover__background has-nv-dark-bg-background-color has-background-dim-100 has-background-dim\"><\/span><div class=\"wp-block-cover__inner-container\">\n<div class=\"is-layout-flow wp-block-group\"><div class=\"wp-block-group__inner-container\">\n<div style=\"height:80px\" aria-hidden=\"true\" class=\"wp-block-spacer\"><\/div>\n\n\n\n<div class=\"is-layout-flex wp-container-8 wp-block-columns are-vertically-aligned-center\">\n<div class=\"is-layout-flow wp-block-column is-vertically-aligned-center\" style=\"flex-basis:50%\">\n<h2 class=\"has-nv-text-dark-bg-color has-text-color\">Misyon<\/h2>\n\n\n\n<ul>\n<li><mark style=\"background-color:rgba(0, 0, 0, 0)\" class=\"has-inline-color has-nv-light-bg-color\">Kuzey K\u0131br\u0131s T\u00fcrk Cumhuriyeti\u2019nde golf oyununu geli\u015ftirmek ve yayg\u0131nla\u015ft\u0131rmak.<\/mark><\/li>\n\n\n\n<li><mark style=\"background-color:rgba(0, 0, 0, 0)\" class=\"has-inline-color has-nv-light-bg-color\">T\u00fcm D\u00fcnya\u2019da yeni uygulanmaya ba\u015flanan ve t\u00fcm golf oyuncular\u0131n\u0131 de\u011fi\u015fik standartlardaki sahalar\u0131n zorluk dereceleri ve oyuncu yeteneklerine g\u00f6re adil bir \u015fekilde e\u015fitleme prensibine dayal\u0131 bir hesaplama sistemi i\u00e7eren WHS (World Handicap Sistemi) uygulamas\u0131n\u0131 hayata ge\u00e7irmek.<\/mark><\/li>\n\n\n\n<li><mark style=\"background-color:rgba(0, 0, 0, 0)\" class=\"has-inline-color has-nv-light-bg-color\">KKTC A\u00e7\u0131k Golf Turnuvas\u0131, Uluslararas\u0131 Yar\u0131\u015fmalar ve benzeri \u00e7e\u015fitli resmi yar\u0131\u015fmalar\u0131 tertip etmek. <\/mark><\/li>\n\n\n\n<li><mark style=\"background-color:rgba(0, 0, 0, 0)\" class=\"has-inline-color has-nv-light-bg-color\">T\u00fcm \u00f6zel golf yar\u0131\u015fmalar\u0131n\u0131 denetlemek.<\/mark><\/li>\n\n\n\n<li><mark style=\"background-color:rgba(0, 0, 0, 0)\" class=\"has-inline-color has-nv-light-bg-color\">The Royal and Ancient Golf Club of St. Andrews&#8217;u yetkili bir makam ve y\u00f6netici olarak kabul etmek ve onun Golf oyunu kurallar\u0131n\u0131 uygulamak.<\/mark>,<\/li>\n\n\n\n<li>Kuzey K\u0131br\u0131s\u2019ta mevcut olan CMC ve Korineum Golf Sahalar\u0131 yan\u0131nda yeni golf sahalar\u0131n\u0131n yap\u0131lmas\u0131n\u0131n, iklim ko\u015fullar\u0131 bak\u0131m\u0131ndan golf sporu i\u00e7in gayet uygun olan \u00fclkemize ciddi bir turist ak\u0131\u015f\u0131 sa\u011flayabilece\u011fi ve \u00fclke ekonomisine ciddi katk\u0131lar sa\u011flayaca\u011f\u0131 ger\u00e7e\u011finden hareketle, yeni sahalar yap\u0131lmas\u0131 konusunda ilgililere gerekli Know-how sa\u011flanmas\u0131.<\/li>\n<\/ul>\n\n\n\n<div class=\"is-layout-flex wp-block-buttons\"><\/div>\n\n\n\n<div style=\"height:20px\" aria-hidden=\"true\" class=\"wp-block-spacer\"><\/div>\n<\/div>\n\n\n\n<div class=\"is-layout-flow wp-block-column is-vertically-aligned-center\" style=\"flex-basis:50%\">\n<figure class=\"wp-block-image size-large is-resized\"><img decoding=\"async\" loading=\"lazy\" src=\"http:\/\/kktcgolffederasyonu.org\/wp-content\/uploads\/2021\/01\/image-asset-1024x683.jpeg\" alt=\"\" class=\"wp-image-81\" width=\"642\" height=\"428\" srcset=\"https:\/\/kktcgolffederasyonu.org\/wp-content\/uploads\/2021\/01\/image-asset-1024x683.jpeg 1024w, https:\/\/kktcgolffederasyonu.org\/wp-content\/uploads\/2021\/01\/image-asset-300x200.jpeg 300w, https:\/\/kktcgolffederasyonu.org\/wp-content\/uploads\/2021\/01\/image-asset-768x512.jpeg 768w, https:\/\/kktcgolffederasyonu.org\/wp-content\/uploads\/2021\/01\/image-asset-930x620.jpeg 930w, https:\/\/kktcgolffederasyonu.org\/wp-content\/uploads\/2021\/01\/image-asset.jpeg 1500w\" sizes=\"(max-width: 642px) 100vw, 642px\" \/><\/figure>\n\n\n\n<p><\/p>\n<\/div>\n<\/div>\n\n\n\n<div style=\"height:40px\" aria-hidden=\"true\" class=\"wp-block-spacer\"><\/div>\n<\/div><\/div>\n<\/div><\/div>\n\n\n\n<div class=\"wp-block-cover alignfull\" style=\"min-height:420px\"><span aria-hidden=\"true\" class=\"wp-block-cover__background has-nv-site-bg-background-color has-background-dim-100 has-background-dim\"><\/span><div class=\"wp-block-cover__inner-container\">\n<div style=\"height:80px\" aria-hidden=\"true\" class=\"wp-block-spacer\"><\/div>\n\n\n\n<div class=\"is-layout-flex wp-container-12 wp-block-columns\">\n<div class=\"is-layout-flow wp-block-column ticss-4ce656f1\">\n<h1 class=\"has-text-align-left has-text-align-center has-neve-text-color-color has-text-color\">Vizyon<\/h1>\n\n\n\n<ul>\n<li>Kuzey K\u0131br\u0131s&#8217;ta golf sporunu geli\u015ftirmek ve hak etti\u011fi yere ta\u015f\u0131mak.<\/li>\n<\/ul>\n\n\n\n<ul>\n<li>\u00dclkemizdeki golf sporunu The Royal and Ancient Golf Club of St. Andrews, European Golf Association ve United States Golf Association standartlar\u0131na getirmek.<\/li>\n<\/ul>\n\n\n\n<ul>\n<li>Kuzey K\u0131br\u0131s&#8217;\u0131 Uluslararas\u0131 turnuvalarda ba\u015far\u0131 ile temsil edecek sporcular yeti\u015ftirmek.<\/li>\n<\/ul>\n\n\n\n<p><\/p>\n<\/div>\n\n\n\n<div class=\"is-layout-flow wp-block-column ticss-a5b4df29\">\n<div style=\"height:20px\" aria-hidden=\"true\" class=\"wp-block-spacer\"><\/div>\n\n\n\n<figure class=\"wp-block-image size-large is-resized\"><img decoding=\"async\" loading=\"lazy\" src=\"http:\/\/kktcgolffederasyonu.org\/wp-content\/uploads\/2021\/01\/golf-1486354_960_720-300x200-1.jpg\" alt=\"\" class=\"wp-image-82\" width=\"522\" height=\"348\"\/><\/figure>\n<\/div>\n<\/div>\n<\/div><\/div>\n\n\n\n<p><\/p>\n","protected":false},"excerpt":{"rendered":"","protected":false},"author":1,"featured_media":0,"parent":0,"menu_order":0,"comment_status":"closed","ping_status":"closed","template":"","meta":{"neve_meta_sidebar":"","neve_meta_container":"","neve_meta_enable_content_width":"on","neve_meta_content_width":100,"neve_meta_title_alignment":"","neve_meta_author_avatar":"","neve_post_elements_order":"","neve_meta_disable_header":"","neve_meta_disable_footer":"","neve_meta_disable_title":"on","_ti_tpc_template_sync":false,"_ti_tpc_template_id":""},"yoast_head":"<!-- This site is optimized with the Yoast SEO plugin v20.1 - https:\/\/yoast.com\/wordpress\/plugins\/seo\/ -->\n<title>Federasyon - KKTC Golf Federasyonu<\/title>\n<meta name=\"robots\" content=\"index, follow, max-snippet:-1, max-image-preview:large, max-video-preview:-1\" \/>\n<link rel=\"canonical\" href=\"https:\/\/kktcgolffederasyonu.org\/index.php\/federasyon\/\" \/>\n<meta property=\"og:locale\" content=\"tr_TR\" \/>\n<meta property=\"og:type\" content=\"article\" \/>\n<meta property=\"og:title\" content=\"Federasyon - KKTC Golf Federasyonu\" \/>\n<meta property=\"og:url\" content=\"https:\/\/kktcgolffederasyonu.org\/index.php\/federasyon\/\" \/>\n<meta property=\"og:site_name\" content=\"KKTC Golf Federasyonu\" \/>\n<meta property=\"article:publisher\" content=\"https:\/\/www.facebook.com\/NorthCyprusGolf\/\" \/>\n<meta property=\"article:modified_time\" content=\"2024-05-11T15:35:24+00:00\" \/>\n<meta property=\"og:image\" content=\"http:\/\/kktcgolffederasyonu.org\/wp-content\/uploads\/2021\/01\/yonetim-kurulu_796_456.png\" \/>\n<meta name=\"twitter:card\" content=\"summary_large_image\" \/>\n<meta name=\"twitter:label1\" content=\"Tahmini okuma s\u00fcresi\" \/>\n\t<meta name=\"twitter:data1\" content=\"3 dakika\" \/>\n<script type=\"application\/ld+json\" class=\"yoast-schema-graph\">{\"@context\":\"https:\/\/schema.org\",\"@graph\":[{\"@type\":\"WebPage\",\"@id\":\"https:\/\/kktcgolffederasyonu.org\/index.php\/federasyon\/\",\"url\":\"https:\/\/kktcgolffederasyonu.org\/index.php\/federasyon\/\",\"name\":\"Federasyon - KKTC Golf Federasyonu\",\"isPartOf\":{\"@id\":\"https:\/\/kktcgolffederasyonu.org\/#website\"},\"datePublished\":\"2021-01-06T20:13:31+00:00\",\"dateModified\":\"2024-05-11T15:35:24+00:00\",\"breadcrumb\":{\"@id\":\"https:\/\/kktcgolffederasyonu.org\/index.php\/federasyon\/#breadcrumb\"},\"inLanguage\":\"tr\",\"potentialAction\":[{\"@type\":\"ReadAction\",\"target\":[\"https:\/\/kktcgolffederasyonu.org\/index.php\/federasyon\/\"]}]},{\"@type\":\"BreadcrumbList\",\"@id\":\"https:\/\/kktcgolffederasyonu.org\/index.php\/federasyon\/#breadcrumb\",\"itemListElement\":[{\"@type\":\"ListItem\",\"position\":1,\"name\":\"Home\",\"item\":\"https:\/\/kktcgolffederasyonu.org\/\"},{\"@type\":\"ListItem\",\"position\":2,\"name\":\"Federasyon\"}]},{\"@type\":\"WebSite\",\"@id\":\"https:\/\/kktcgolffederasyonu.org\/#website\",\"url\":\"https:\/\/kktcgolffederasyonu.org\/\",\"name\":\"KKTC Golf Federasyonu\",\"description\":\"\",\"publisher\":{\"@id\":\"https:\/\/kktcgolffederasyonu.org\/#organization\"},\"potentialAction\":[{\"@type\":\"SearchAction\",\"target\":{\"@type\":\"EntryPoint\",\"urlTemplate\":\"https:\/\/kktcgolffederasyonu.org\/?s={search_term_string}\"},\"query-input\":\"required name=search_term_string\"}],\"inLanguage\":\"tr\"},{\"@type\":\"Organization\",\"@id\":\"https:\/\/kktcgolffederasyonu.org\/#organization\",\"name\":\"KKTC Golf Federasyonu\",\"url\":\"https:\/\/kktcgolffederasyonu.org\/\",\"logo\":{\"@type\":\"ImageObject\",\"inLanguage\":\"tr\",\"@id\":\"https:\/\/kktcgolffederasyonu.org\/#\/schema\/logo\/image\/\",\"url\":\"http:\/\/kktcgolffederasyonu.org\/wp-content\/uploads\/2021\/01\/KKTCGolfFed_Logo_Transparent.png\",\"contentUrl\":\"http:\/\/kktcgolffederasyonu.org\/wp-content\/uploads\/2021\/01\/KKTCGolfFed_Logo_Transparent.png\",\"width\":1180,\"height\":1052,\"caption\":\"KKTC Golf Federasyonu\"},\"image\":{\"@id\":\"https:\/\/kktcgolffederasyonu.org\/#\/schema\/logo\/image\/\"},\"sameAs\":[\"https:\/\/www.facebook.com\/NorthCyprusGolf\/\"]}]}<\/script>\n<!-- \/ Yoast SEO plugin. -->","yoast_head_json":{"title":"Federasyon - KKTC Golf Federasyonu","robots":{"index":"index","follow":"follow","max-snippet":"max-snippet:-1","max-image-preview":"max-image-preview:large","max-video-preview":"max-video-preview:-1"},"canonical":"https:\/\/kktcgolffederasyonu.org\/index.php\/federasyon\/","og_locale":"tr_TR","og_type":"article","og_title":"Federasyon - KKTC Golf Federasyonu","og_url":"https:\/\/kktcgolffederasyonu.org\/index.php\/federasyon\/","og_site_name":"KKTC Golf Federasyonu","article_publisher":"https:\/\/www.facebook.com\/NorthCyprusGolf\/","article_modified_time":"2024-05-11T15:35:24+00:00","og_image":[{"url":"http:\/\/kktcgolffederasyonu.org\/wp-content\/uploads\/2021\/01\/yonetim-kurulu_796_456.png"}],"twitter_card":"summary_large_image","twitter_misc":{"Tahmini okuma s\u00fcresi":"3 dakika"},"schema":{"@context":"https:\/\/schema.org","@graph":[{"@type":"WebPage","@id":"https:\/\/kktcgolffederasyonu.org\/index.php\/federasyon\/","url":"https:\/\/kktcgolffederasyonu.org\/index.php\/federasyon\/","name":"Federasyon - KKTC Golf Federasyonu","isPartOf":{"@id":"https:\/\/kktcgolffederasyonu.org\/#website"},"datePublished":"2021-01-06T20:13:31+00:00","dateModified":"2024-05-11T15:35:24+00:00","breadcrumb":{"@id":"https:\/\/kktcgolffederasyonu.org\/index.php\/federasyon\/#breadcrumb"},"inLanguage":"tr","potentialAction":[{"@type":"ReadAction","target":["https:\/\/kktcgolffederasyonu.org\/index.php\/federasyon\/"]}]},{"@type":"BreadcrumbList","@id":"https:\/\/kktcgolffederasyonu.org\/index.php\/federasyon\/#breadcrumb","itemListElement":[{"@type":"ListItem","position":1,"name":"Home","item":"https:\/\/kktcgolffederasyonu.org\/"},{"@type":"ListItem","position":2,"name":"Federasyon"}]},{"@type":"WebSite","@id":"https:\/\/kktcgolffederasyonu.org\/#website","url":"https:\/\/kktcgolffederasyonu.org\/","name":"KKTC Golf Federasyonu","description":"","publisher":{"@id":"https:\/\/kktcgolffederasyonu.org\/#organization"},"potentialAction":[{"@type":"SearchAction","target":{"@type":"EntryPoint","urlTemplate":"https:\/\/kktcgolffederasyonu.org\/?s={search_term_string}"},"query-input":"required name=search_term_string"}],"inLanguage":"tr"},{"@type":"Organization","@id":"https:\/\/kktcgolffederasyonu.org\/#organization","name":"KKTC Golf Federasyonu","url":"https:\/\/kktcgolffederasyonu.org\/","logo":{"@type":"ImageObject","inLanguage":"tr","@id":"https:\/\/kktcgolffederasyonu.org\/#\/schema\/logo\/image\/","url":"http:\/\/kktcgolffederasyonu.org\/wp-content\/uploads\/2021\/01\/KKTCGolfFed_Logo_Transparent.png","contentUrl":"http:\/\/kktcgolffederasyonu.org\/wp-content\/uploads\/2021\/01\/KKTCGolfFed_Logo_Transparent.png","width":1180,"height":1052,"caption":"KKTC Golf Federasyonu"},"image":{"@id":"https:\/\/kktcgolffederasyonu.org\/#\/schema\/logo\/image\/"},"sameAs":["https:\/\/www.facebook.com\/NorthCyprusGolf\/"]}]}},"_links":{"self":[{"href":"https:\/\/kktcgolffederasyonu.org\/index.php\/wp-json\/wp\/v2\/pages\/9"}],"collection":[{"href":"https:\/\/kktcgolffederasyonu.org\/index.php\/wp-json\/wp\/v2\/pages"}],"about":[{"href":"https:\/\/kktcgolffederasyonu.org\/index.php\/wp-json\/wp\/v2\/types\/page"}],"author":[{"embeddable":true,"href":"https:\/\/kktcgolffederasyonu.org\/index.php\/wp-json\/wp\/v2\/users\/1"}],"replies":[{"embeddable":true,"href":"https:\/\/kktcgolffederasyonu.org\/index.php\/wp-json\/wp\/v2\/comments?post=9"}],"version-history":[{"count":23,"href":"https:\/\/kktcgolffederasyonu.org\/index.php\/wp-json\/wp\/v2\/pages\/9\/revisions"}],"predecessor-version":[{"id":913,"href":"https:\/\/kktcgolffederasyonu.org\/index.php\/wp-json\/wp\/v2\/pages\/9\/revisions\/913"}],"wp:attachment":[{"href":"https:\/\/kktcgolffederasyonu.org\/index.php\/wp-json\/wp\/v2\/media?parent=9"}],"curies":[{"name":"wp","href":"https:\/\/api.w.org\/{rel}","templated":true}]}}